{"id":109,"date":"2018-10-23T12:42:33","date_gmt":"2018-10-23T12:42:33","guid":{"rendered":"https:\/\/futuriodemos.com\/woocommerce-fashion\/?page_id=109"},"modified":"2025-03-13T23:30:02","modified_gmt":"2025-03-13T22:30:02","slug":"home","status":"publish","type":"page","link":"https:\/\/www.opticadeharo.es\/","title":{"rendered":"Home"},"content":{"rendered":"<p>[et_pb_section fb_built=\u00bb1&#8243; fullwidth=\u00bbon\u00bb _builder_version=\u00bb4.16&#8243; _module_preset=\u00bbdefault\u00bb global_colors_info=\u00bb{}\u00bb][et_pb_fullwidth_slider arrows_custom_color=\u00bb#FFFFFF\u00bb _builder_version=\u00bb4.27.4&#8243; _module_preset=\u00bbdefault\u00bb header_level=\u00bbh1&#8243; body_font_size=\u00bb22px\u00bb background_image=\u00bbhttps:\/\/www.opticadeharo.es\/wp-content\/uploads\/2022\/05\/Bernafon-Alpha.jpeg\u00bb min_height=\u00bb625px\u00bb min_height_tablet=\u00bb625px\u00bb min_height_phone=\u00bb625px\u00bb min_height_last_edited=\u00bbon|phone\u00bb max_height=\u00bb550px\u00bb custom_padding=\u00bb4px||345px|||\u00bb auto=\u00bbon\u00bb header_font_size_tablet=\u00bb\u00bb header_font_size_phone=\u00bb\u00bb header_font_size_last_edited=\u00bbon|tablet\u00bb header_text_shadow_style=\u00bbpreset3&#8243; global_colors_info=\u00bb{}\u00bb][et_pb_slide heading=\u00bbEncantados de atenderte\u00bb button_text=\u00bbPedir Cita\u00bb button_link=\u00bbhttps:\/\/www.opticadeharo.es\/?page_id=339&#8243; _builder_version=\u00bb4.27.4&#8243; _module_preset=\u00bbdefault\u00bb header_level=\u00bbh1&#8243; header_font=\u00bb||||||||\u00bb body_font_size=\u00bb24px\u00bb background_image=\u00bbhttps:\/\/www.opticadeharo.es\/wp-content\/uploads\/2022\/05\/optica-de-haro-scaled.jpeg\u00bb background_enable_image=\u00bbon\u00bb custom_button=\u00bbon\u00bb button_text_color=\u00bb#FFFFFF\u00bb button_bg_color=\u00bb#89183B\u00bb custom_padding_tablet=\u00bb\u00bb custom_padding_phone=\u00bb35px||||false|false\u00bb custom_padding_last_edited=\u00bbon|phone\u00bb header_text_shadow_style=\u00bbpreset3&#8243; global_colors_info=\u00bb{}\u00bb sticky_transition=\u00bbon\u00bb]<\/p>\n<p><span style=\"color: #ffffff;\">\u00bfNecesitas una cita?<\/span><\/p>\n<p>[\/et_pb_slide][et_pb_slide heading=\u00bbAud\u00edfonos digitales de \u00faltima generaci\u00f3n\u00bb button_text=\u00bbm\u00e1s info\u00bb button_link=\u00bb#audifonos\u00bb _builder_version=\u00bb4.27.4&#8243; _module_preset=\u00bbdefault\u00bb custom_padding=\u00bb35px||||false|false\u00bb global_colors_info=\u00bb{}\u00bb sticky_transition=\u00bbon\u00bb]<\/p>\n<p><span>Disfrute de llamadas telef\u00f3nicas y de v\u00eddeo con manos libres desde el iPhone y el iPad, adem\u00e1s de transmitir audio directamente desde dispositivos iOS y Android\u2122 modernos.<\/span><\/p>\n<p>[\/et_pb_slide][et_pb_slide heading=\u00bbLentes Progresivas Free Form\u00bb button_text=\u00bbM\u00e1s info\u00bb button_link=\u00bb#progresivas\u00bb _builder_version=\u00bb4.17.3&#8243; _module_preset=\u00bbdefault\u00bb background_enable_color=\u00bboff\u00bb background_image=\u00bbhttps:\/\/www.opticadeharo.es\/wp-content\/uploads\/2018\/10\/hintersee-3601004_1920-1.jpg\u00bb background_enable_image=\u00bbon\u00bb global_colors_info=\u00bb{}\u00bb sticky_transition=\u00bbon\u00bb]<\/p>\n<p>Excelente nitidez y amplios campos de visi\u00f3n a cualquier distancia.<\/p>\n<p>[\/et_pb_slide][\/et_pb_fullwidth_slider][\/et_pb_section][et_pb_section fb_built=\u00bb1&#8243; _builder_version=\u00bb4.17.3&#8243; _module_preset=\u00bbdefault\u00bb global_colors_info=\u00bb{}\u00bb][et_pb_row column_structure=\u00bb1_4,1_4,1_4,1_4&#8243; _builder_version=\u00bb4.17.3&#8243; _module_preset=\u00bbdefault\u00bb global_colors_info=\u00bb{}\u00bb][et_pb_column type=\u00bb1_4&#8243; _builder_version=\u00bb4.17.3&#8243; _module_preset=\u00bbdefault\u00bb global_colors_info=\u00bb{}\u00bb][et_pb_text _builder_version=\u00bb4.17.3&#8243; _module_preset=\u00bbdefault\u00bb global_colors_info=\u00bb{}\u00bb]<\/p>\n<h1>Gafas Graduadas<\/h1>\n<p>[\/et_pb_text][et_pb_image src=\u00bbhttps:\/\/www.opticadeharo.es\/wp-content\/uploads\/2020\/07\/VTO383_0N54-300&#215;180.jpg\u00bb title_text=\u00bbVTO383_0N54&#8243; _builder_version=\u00bb4.17.3&#8243; _module_preset=\u00bbdefault\u00bb global_colors_info=\u00bb{}\u00bb][\/et_pb_image][\/et_pb_column][et_pb_column type=\u00bb1_4&#8243; _builder_version=\u00bb4.17.3&#8243; _module_preset=\u00bbdefault\u00bb global_colors_info=\u00bb{}\u00bb][et_pb_text _builder_version=\u00bb4.17.3&#8243; _module_preset=\u00bbdefault\u00bb global_colors_info=\u00bb{}\u00bb]<\/p>\n<h1>Lentes de Contacto<\/h1>\n<p>[\/et_pb_text][et_pb_image src=\u00bbhttps:\/\/www.opticadeharo.es\/wp-content\/uploads\/2020\/06\/lens55.png\u00bb title_text=\u00bblens55&#8243; _builder_version=\u00bb4.17.3&#8243; _module_preset=\u00bbdefault\u00bb global_colors_info=\u00bb{}\u00bb][\/et_pb_image][\/et_pb_column][et_pb_column type=\u00bb1_4&#8243; _builder_version=\u00bb4.17.3&#8243; _module_preset=\u00bbdefault\u00bb global_colors_info=\u00bb{}\u00bb][et_pb_text _builder_version=\u00bb4.17.3&#8243; _module_preset=\u00bbdefault\u00bb global_colors_info=\u00bb{}\u00bb]<\/p>\n<h1>Gafas de Sol<\/h1>\n<p>[\/et_pb_text][et_pb_image src=\u00bbhttps:\/\/www.opticadeharo.es\/wp-content\/uploads\/2020\/07\/she830-095a.jpg\u00bb title_text=\u00bbshe830-095a\u00bb _builder_version=\u00bb4.17.3&#8243; _module_preset=\u00bbdefault\u00bb global_colors_info=\u00bb{}\u00bb][\/et_pb_image][\/et_pb_column][et_pb_column type=\u00bb1_4&#8243; _builder_version=\u00bb4.17.3&#8243; _module_preset=\u00bbdefault\u00bb global_colors_info=\u00bb{}\u00bb][et_pb_text _builder_version=\u00bb4.17.3&#8243; _module_preset=\u00bbdefault\u00bb global_colors_info=\u00bb{}\u00bb]<\/p>\n<h1>Aud\u00edfonos<\/h1>\n<p>[\/et_pb_text][et_pb_image src=\u00bbhttps:\/\/www.opticadeharo.es\/wp-content\/uploads\/2020\/06\/audifono-ric-300&#215;150.png\u00bb title_text=\u00bbaudifono ric\u00bb _builder_version=\u00bb4.17.3&#8243; _module_preset=\u00bbdefault\u00bb global_colors_info=\u00bb{}\u00bb][\/et_pb_image][\/et_pb_column][\/et_pb_row][\/et_pb_section][et_pb_section fb_built=\u00bb1&#8243; _builder_version=\u00bb4.17.4&#8243; _module_preset=\u00bbdefault\u00bb global_colors_info=\u00bb{}\u00bb][et_pb_row column_structure=\u00bb2_5,3_5&#8243; _builder_version=\u00bb4.17.4&#8243; _module_preset=\u00bbdefault\u00bb global_colors_info=\u00bb{}\u00bb][et_pb_column type=\u00bb2_5&#8243; _builder_version=\u00bb4.17.4&#8243; _module_preset=\u00bbdefault\u00bb global_colors_info=\u00bb{}\u00bb][et_pb_image src=\u00bbhttps:\/\/www.opticadeharo.es\/wp-content\/uploads\/2022\/06\/logo-header-vyv.png\u00bb title_text=\u00bblogo-header vyv\u00bb _builder_version=\u00bb4.17.4&#8243; _module_preset=\u00bbdefault\u00bb global_colors_info=\u00bb{}\u00bb][\/et_pb_image][et_pb_text _builder_version=\u00bb4.17.4&#8243; _module_preset=\u00bbdefault\u00bb global_colors_info=\u00bb{}\u00bb]<\/p>\n<blockquote>\n<h2>Un s\u00f3lo par de ojos para toda la vida.\u00a1Cu\u00eddalos!<\/h2>\n<\/blockquote>\n<p>[\/et_pb_text][\/et_pb_column][et_pb_column type=\u00bb3_5&#8243; _builder_version=\u00bb4.17.4&#8243; _module_preset=\u00bbdefault\u00bb global_colors_info=\u00bb{}\u00bb][et_pb_video src=\u00bbhttps:\/\/www.youtube.com\/watch?v=6g2jQqjK_Zo\u00bb _builder_version=\u00bb4.17.4&#8243; _module_preset=\u00bbdefault\u00bb global_colors_info=\u00bb{}\u00bb][\/et_pb_video][\/et_pb_column][\/et_pb_row][\/et_pb_section][et_pb_section fb_built=\u00bb1&#8243; module_id=\u00bbprogresivas\u00bb _builder_version=\u00bb4.17.3&#8243; _module_preset=\u00bbdefault\u00bb global_colors_info=\u00bb{}\u00bb][et_pb_row _builder_version=\u00bb4.17.3&#8243; _module_preset=\u00bbdefault\u00bb global_colors_info=\u00bb{}\u00bb][et_pb_column type=\u00bb4_4&#8243; _builder_version=\u00bb4.17.3&#8243; _module_preset=\u00bbdefault\u00bb global_colors_info=\u00bb{}\u00bb][et_pb_text _builder_version=\u00bb4.17.3&#8243; _module_preset=\u00bbdefault\u00bb header_font_size=\u00bb34px\u00bb global_colors_info=\u00bb{}\u00bb]<\/p>\n<h1>Lentes Progresivas Digitales<\/h1>\n<p>[\/et_pb_text][\/et_pb_column][\/et_pb_row][et_pb_row column_structure=\u00bb1_2,1_2&#8243; _builder_version=\u00bb4.17.3&#8243; _module_preset=\u00bbdefault\u00bb global_colors_info=\u00bb{}\u00bb][et_pb_column type=\u00bb1_2&#8243; _builder_version=\u00bb4.17.3&#8243; _module_preset=\u00bbdefault\u00bb global_colors_info=\u00bb{}\u00bb][et_pb_image src=\u00bbhttps:\/\/www.opticadeharo.es\/wp-content\/uploads\/2022\/05\/Captura-de-Pantalla-2022-05-04-a-las-10.53.36.png\u00bb title_text=\u00bbCaptura de Pantalla 2022-05-04 a las 10.53.36&#8243; _builder_version=\u00bb4.17.3&#8243; _module_preset=\u00bbdefault\u00bb global_colors_info=\u00bb{}\u00bb][\/et_pb_image][\/et_pb_column][et_pb_column type=\u00bb1_2&#8243; _builder_version=\u00bb4.17.3&#8243; _module_preset=\u00bbdefault\u00bb global_colors_info=\u00bb{}\u00bb][et_pb_text _builder_version=\u00bb4.17.3&#8243; _module_preset=\u00bbdefault\u00bb min_height=\u00bb94.2px\u00bb custom_padding=\u00bb||1px|||\u00bb global_colors_info=\u00bb{}\u00bb]<\/p>\n<p style=\"text-align: justify;\"><span>En Optica de Haro adaptamos las nuevas lentes progresivas personalizadas de uso diario, ideal para usuarios de gafas multifocales a partir de 40 a\u00f1os, incluso para aquellas personas que <\/span><strong>pasan mucho tiempo con dispositivos electr\u00f3nicos.<\/strong><\/p>\n<p style=\"text-align: justify;\">Lentes desarrolladas con la tecnolog\u00eda <strong>Digital Ray-Path\u00ae<\/strong> que ofrecen un buen equilibrio entre los campos visuales de lejos y cerca.<\/p>\n<p style=\"text-align: justify;\"><strong>Optica de Haro<\/strong> le ofrece una garant\u00eda de adaptaci\u00f3n de 60 d\u00edas en todas sus lentes progresivas, ya que tenemos total confianza en los productos que ponemos en sus manos y tambi\u00e9n por la dilatada experiencia de m\u00e1s de 25 a\u00f1os atendiendo a miles de personas.<\/p>\n<p>[\/et_pb_text][et_pb_image src=\u00bbhttps:\/\/www.opticadeharo.es\/wp-content\/uploads\/2020\/07\/VST331_A93-1024&#215;614.jpg\u00bb title_text=\u00bbVST331_A93&#8243; _builder_version=\u00bb4.17.3&#8243; _module_preset=\u00bbdefault\u00bb global_colors_info=\u00bb{}\u00bb][\/et_pb_image][\/et_pb_column][\/et_pb_row][\/et_pb_section][et_pb_section fb_built=\u00bb1&#8243; admin_label=\u00bbsection\u00bb module_id=\u00bbaudifonos\u00bb _builder_version=\u00bb4.17.3&#8243; top_divider_style=\u00bbwave\u00bb top_divider_color=\u00bb#89183B\u00bb top_divider_height=\u00bb28px\u00bb bottom_divider_style=\u00bbmountains2&#8243; bottom_divider_color=\u00bb#89183B\u00bb bottom_divider_height=\u00bb71px\u00bb global_colors_info=\u00bb{}\u00bb][et_pb_row _builder_version=\u00bb4.16&#8243; _module_preset=\u00bbdefault\u00bb global_colors_info=\u00bb{}\u00bb][et_pb_column type=\u00bb4_4&#8243; _builder_version=\u00bb4.16&#8243; _module_preset=\u00bbdefault\u00bb global_colors_info=\u00bb{}\u00bb][et_pb_text admin_label=\u00bbText\u00bb _builder_version=\u00bb4.17.3&#8243; header_font_size=\u00bb36px\u00bb background_size=\u00bbinitial\u00bb background_position=\u00bbtop_left\u00bb background_repeat=\u00bbrepeat\u00bb global_colors_info=\u00bb{}\u00bb]<\/p>\n<h1>Aud\u00edfonos digitales de \u00faltima generaci\u00f3n<\/h1>\n<p>[\/et_pb_text][\/et_pb_column][\/et_pb_row][et_pb_row column_structure=\u00bb1_3,1_3,1_3&#8243; admin_label=\u00bbrow\u00bb _builder_version=\u00bb4.17.3&#8243; background_size=\u00bbinitial\u00bb background_position=\u00bbtop_left\u00bb background_repeat=\u00bbrepeat\u00bb global_colors_info=\u00bb{}\u00bb][et_pb_column type=\u00bb1_3&#8243; _builder_version=\u00bb4.16&#8243; custom_padding=\u00bb|||\u00bb global_colors_info=\u00bb{}\u00bb custom_padding__hover=\u00bb|||\u00bb][et_pb_image src=\u00bbhttps:\/\/www.opticadeharo.es\/wp-content\/uploads\/2022\/05\/alpha-300&#215;270.png\u00bb title_text=\u00bbalpha\u00bb _builder_version=\u00bb4.27.4&#8243; _module_preset=\u00bbdefault\u00bb min_height=\u00bb359.6px\u00bb custom_margin=\u00bb||0px||false|false\u00bb global_colors_info=\u00bb{}\u00bb][\/et_pb_image][et_pb_text admin_label=\u00bbText\u00bb _builder_version=\u00bb4.17.3&#8243; background_size=\u00bbinitial\u00bb background_position=\u00bbtop_left\u00bb background_repeat=\u00bbrepeat\u00bb global_colors_info=\u00bb{}\u00bb]<\/p>\n<h1>Procesamiento Digital<\/h1>\n<p style=\"text-align: justify;\">Aud\u00edfonos de \u00faltima generaci\u00f3n con tecnolog\u00eda Suiza. Con un procesamiento digital de la se\u00f1al que analiza el sonido millones de veces por segundo y genera un resultado adecuado a cualquier perdida auditiva.<\/p>\n<p>[\/et_pb_text][\/et_pb_column][et_pb_column type=\u00bb1_3&#8243; _builder_version=\u00bb4.16&#8243; custom_padding=\u00bb|||\u00bb global_colors_info=\u00bb{}\u00bb custom_padding__hover=\u00bb|||\u00bb][et_pb_image src=\u00bbhttps:\/\/www.opticadeharo.es\/wp-content\/uploads\/2020\/06\/viron-300&#215;212.png\u00bb title_text=\u00bbviron\u00bb _builder_version=\u00bb4.27.4&#8243; _module_preset=\u00bbdefault\u00bb min_height=\u00bb359.6px\u00bb custom_margin=\u00bb||1px||false|false\u00bb custom_padding=\u00bb32px||||false|false\u00bb global_colors_info=\u00bb{}\u00bb][\/et_pb_image][et_pb_text _builder_version=\u00bb4.17.3&#8243; _module_preset=\u00bbdefault\u00bb global_colors_info=\u00bb{}\u00bb]<\/p>\n<h1>24h con una sola recarga<\/h1>\n<p style=\"text-align: justify;\">Olv\u00eddese del gasto de comprar las antiguas pilas y de su reciclado.Con una simple recarga de 3 horas conseguir\u00e1 que sus nuevos aud\u00edfonos permanezcan m\u00e1s de 24 horas continuas sin parar.<\/p>\n<p>[\/et_pb_text][et_pb_button button_url=\u00bbhttps:\/\/www.bernafon.es\/hearing-test\u00bb url_new_window=\u00bbon\u00bb button_text=\u00bbTest de Audici\u00f3n\u00bb button_alignment=\u00bbcenter\u00bb _builder_version=\u00bb4.27.4&#8243; _module_preset=\u00bbdefault\u00bb custom_button=\u00bbon\u00bb global_colors_info=\u00bb{}\u00bb][\/et_pb_button][\/et_pb_column][et_pb_column type=\u00bb1_3&#8243; _builder_version=\u00bb4.16&#8243; custom_padding=\u00bb|||\u00bb global_colors_info=\u00bb{}\u00bb custom_padding__hover=\u00bb|||\u00bb][et_pb_image src=\u00bbhttps:\/\/www.opticadeharo.es\/wp-content\/uploads\/2020\/11\/easycontrol-a_app_screens_web_960x600.pngqh600alaes-ESaw960arevA0C0ahashCEB6C9862103DF17CBE6D8D77E72BE88.pagespeed.ce_.dbMDn1Qw6C.png\u00bb title_text=\u00bbeasycontrol-a_app_screens_web_960x600.png,qh=600,ala=es-ES,aw=960,arev=A0C0,ahash=CEB6C9862103DF17CBE6D8D77E72BE88.pagespeed.ce.dbMDn1Qw6C\u00bb _builder_version=\u00bb4.17.3&#8243; _module_preset=\u00bbdefault\u00bb custom_padding=\u00bb90px||||false|false\u00bb global_colors_info=\u00bb{}\u00bb][\/et_pb_image][et_pb_text _builder_version=\u00bb4.17.3&#8243; _module_preset=\u00bbdefault\u00bb global_colors_info=\u00bb{}\u00bb]<\/p>\n<h1>Compatible con smartphones<\/h1>\n<p style=\"text-align: justify;\">Los nuevos aud\u00edfonos digitales recargables de \u00a0\u00d3ptica de Haro, incorporan conectividad con los smartphones m\u00e1s populares del mercado. Con ellos podr\u00e1 tener el control de sus aud\u00edfonos con gran sencillez.<\/p>\n<p>[\/et_pb_text][\/et_pb_column][\/et_pb_row][et_pb_row column_structure=\u00bb1_2,1_2&#8243; use_custom_gutter=\u00bbon\u00bb gutter_width=\u00bb2&#8243; make_equal=\u00bbon\u00bb _builder_version=\u00bb4.17.3&#8243; _module_preset=\u00bbdefault\u00bb custom_margin=\u00bb||36px||false|false\u00bb custom_padding=\u00bb||0px||false|false\u00bb border_radii=\u00bbon|8px|8px|8px|8px\u00bb border_width_all=\u00bb2px\u00bb global_colors_info=\u00bb{}\u00bb][et_pb_column type=\u00bb1_2&#8243; _builder_version=\u00bb4.16&#8243; _module_preset=\u00bbdefault\u00bb global_colors_info=\u00bb{}\u00bb][et_pb_blurb image=\u00bbhttps:\/\/www.opticadeharo.es\/wp-content\/uploads\/2020\/06\/favicon-odh-150&#215;150.png\u00bb _builder_version=\u00bb4.17.3&#8243; _module_preset=\u00bbdefault\u00bb body_text_align=\u00bbcenter\u00bb global_colors_info=\u00bb{}\u00bb]<\/p>\n<h2 style=\"text-align: center;\">Informaci\u00f3n de contacto<\/h2>\n<h3>E-mail<\/h3>\n<p><a href=\"mailto:info@opticadeharo.es\"><span style=\"color: #993366;\">info@opticadeharo.es<\/span><\/a><\/p>\n<h3>Telegram \/ Whatsapp<\/h3>\n<p><span style=\"color: #993366;\">+34 688 900 730<\/span><\/p>\n<p>Carretera de Granada, 1<br \/>UG\u00cdJAR,18480<\/p>\n<p>GRANADA &#8211; ESPA\u00d1A<\/p>\n<p>[\/et_pb_blurb][\/et_pb_column][et_pb_column type=\u00bb1_2&#8243; _builder_version=\u00bb4.16&#8243; _module_preset=\u00bbdefault\u00bb global_colors_info=\u00bb{}\u00bb][et_pb_map google_api_key=\u00bbAIzaSyCDWoRsxFwcKG_q86eQ01d7_hyEAgtbSmw\u00bb address=\u00bb18480 Ug\u00edjar, Granada, Espa\u00f1a\u00bb zoom_level=\u00bb10&#8243; address_lat=\u00bb36.9619832&#8243; address_lng=\u00bb-3.0538639&#8243; _builder_version=\u00bb4.27.4&#8243; _module_preset=\u00bbdefault\u00bb link_option_url=\u00bbhttps:\/\/www.google.com\/maps\/place\/Optica+de+Haro\/@36.963074,-3.055055,14z\/data=!4m5!3m4!1s0x0:0x14387c422131edc5!8m2!3d36.963074!4d-3.0550554?hl=es-ES\u00bb hover_enabled=\u00bb0&#8243; global_colors_info=\u00bb{}\u00bb sticky_enabled=\u00bb0&#8243;][et_pb_map_pin title=\u00bbOptica de Haro\u00bb pin_address=\u00bb18480 Ug\u00edjar, Granada, Espa\u00f1a\u00bb zoom_level=\u00bb6&#8243; _builder_version=\u00bb4.27.4&#8243; _module_preset=\u00bbdefault\u00bb global_colors_info=\u00bb{}\u00bb pin_address_lat=\u00bb36.9619832&#8243; pin_address_lng=\u00bb-3.0538639&#8243; hover_enabled=\u00bb0&#8243; sticky_enabled=\u00bb0&#8243;][\/et_pb_map_pin][\/et_pb_map][et_pb_code _builder_version=\u00bb4.27.4&#8243; _module_preset=\u00bbdefault\u00bb global_colors_info=\u00bb{}\u00bb][\/et_pb_code][et_pb_blurb title=\u00bbD\u00e9janos tu rese\u00f1a en Google\u00bb url=\u00bbhttps:\/\/g.page\/r\/CcXtMSFCfDgUEBM\/review\u00bb image=\u00bbhttps:\/\/www.opticadeharo.es\/wp-content\/uploads\/2022\/03\/googlelogo.png\u00bb image_icon_width=\u00bb100%\u00bb _builder_version=\u00bb4.16&#8243; _module_preset=\u00bbdefault\u00bb text_orientation=\u00bbcenter\u00bb global_colors_info=\u00bb{}\u00bb]<\/p>\n<p style=\"text-align: center;\">Tu valoraci\u00f3n sobre tu experiencia en \u00d3ptica de Haro nos hace mejorar.<\/p>\n<p>[\/et_pb_blurb][et_pb_button button_url=\u00bbhttps:\/\/g.page\/r\/CcXtMSFCfDgUEBM\/review\u00bb button_text=\u00bbEscribir rese\u00f1a\u00bb button_alignment=\u00bbcenter\u00bb _builder_version=\u00bb4.17.3&#8243; _module_preset=\u00bbdefault\u00bb custom_button=\u00bbon\u00bb button_text_color=\u00bb#FFFFFF\u00bb button_bg_color=\u00bb#89183B\u00bb global_colors_info=\u00bb{}\u00bb][\/et_pb_button][\/et_pb_column][\/et_pb_row][\/et_pb_section]<\/p>\n","protected":false},"excerpt":{"rendered":"<p>\u00bfNecesitas una cita?Disfrute de llamadas telef\u00f3nicas y de v\u00eddeo con manos libres desde el iPhone y el iPad, adem\u00e1s de transmitir audio directamente desde dispositivos iOS y Android\u2122 modernos.Excelente nitidez y amplios campos de visi\u00f3n a cualquier distancia.Gafas GraduadasLentes de ContactoGafas de SolAud\u00edfonos Un s\u00f3lo par de ojos para toda la vida.\u00a1Cu\u00eddalos! Lentes Progresivas DigitalesEn [&hellip;]<\/p>\n","protected":false},"author":1,"featured_media":0,"parent":0,"menu_order":0,"comment_status":"closed","ping_status":"closed","template":"","meta":{"_et_pb_use_builder":"on","_et_pb_old_content":"<h3>\u00bfNecesitas cita?<\/h3>\t\t\n\t\t\t<a href=\"https:\/\/www.opticadeharo.es\/?page_id=339\" role=\"button\">\n\t\t\t\t\t\tPEDIR CITA \n\t\t\t\t\t<\/a>\n\t\t[products limit=\"4\" columns=\"4\" visibility=\"featured\"]\t\t\n\t\t\t<h1>AUDIFONOS DIGITALES RECARGABLES<\/h1>\t\t\n\t\t\t\t\t\t\t\t\t\t\t\t<img width=\"1024\" height=\"724\" src=\"https:\/\/www.opticadeharo.es\/wp-content\/uploads\/2020\/06\/viron.png\" alt=\"\" loading=\"lazy\" srcset=\"https:\/\/www.opticadeharo.es\/wp-content\/uploads\/2020\/06\/viron.png 1024w, https:\/\/www.opticadeharo.es\/wp-content\/uploads\/2020\/06\/viron-300x212.png 300w, https:\/\/www.opticadeharo.es\/wp-content\/uploads\/2020\/06\/viron-600x424.png 600w, https:\/\/www.opticadeharo.es\/wp-content\/uploads\/2020\/06\/viron-64x45.png 64w, https:\/\/www.opticadeharo.es\/wp-content\/uploads\/2020\/06\/viron-768x543.png 768w\" sizes=\"(max-width: 1024px) 100vw, 1024px\" \/>\t\t\t\t\t\t\t\t\t\t\t\t\t\t\n\t\t\t<h1>Procesamiento Digital<\/h1>\t\t\n\t\t<p style=\"text-align: left;\">Aud\u00edfonos de \u00faltima generaci\u00f3n con tecnolog\u00eda Suiza. Con un procesamiento digital de la se\u00f1al que analiza el sonido millones de veces por segundo y genera un resultado adecuado a cualquier perdida auditiva.<\/p>\t\t\n\t\t\t<h1>24h con una s\u00f3la recarga<\/h1>\t\t\n\t\t<p>Olv\u00eddese del gasto de comprar las antiguas pilas y de su reciclado.Con una simple recarga de 3 horas conseguir\u00e1 que sus nuevos aud\u00edfonos permanezcan m\u00e1s de 24 horas continuas sin parar.<\/p>\t\t\n\t\t\t<h1>compatible con smartphones<\/h1>\t\t\n\t\t<p>Los nuevos aud\u00edfonos digitales recargables de \u00a0\u00d3ptica de Haro, incorporan conectividad con los smartphones m\u00e1s populares del mercado. Con ellos podr\u00e1 tener el control de sus aud\u00edfonos con gran sencillez.<\/p>\t\t\n\t\t\t<h2>Conectividad con Smartphones directa<\/h2>\t\t\n\t\t\t\t\t\t\t\t\t\t\t\t<img width=\"300\" height=\"188\" src=\"https:\/\/www.opticadeharo.es\/wp-content\/uploads\/2020\/11\/easycontrol-a_app_screens_web_960x600.pngqh600alaes-ESaw960arevA0C0ahashCEB6C9862103DF17CBE6D8D77E72BE88.pagespeed.ce_.dbMDn1Qw6C-300x188.png\" alt=\"\" loading=\"lazy\" srcset=\"https:\/\/www.opticadeharo.es\/wp-content\/uploads\/2020\/11\/easycontrol-a_app_screens_web_960x600.pngqh600alaes-ESaw960arevA0C0ahashCEB6C9862103DF17CBE6D8D77E72BE88.pagespeed.ce_.dbMDn1Qw6C-300x188.png 300w, https:\/\/www.opticadeharo.es\/wp-content\/uploads\/2020\/11\/easycontrol-a_app_screens_web_960x600.pngqh600alaes-ESaw960arevA0C0ahashCEB6C9862103DF17CBE6D8D77E72BE88.pagespeed.ce_.dbMDn1Qw6C-768x480.png 768w, https:\/\/www.opticadeharo.es\/wp-content\/uploads\/2020\/11\/easycontrol-a_app_screens_web_960x600.pngqh600alaes-ESaw960arevA0C0ahashCEB6C9862103DF17CBE6D8D77E72BE88.pagespeed.ce_.dbMDn1Qw6C-600x375.png 600w, https:\/\/www.opticadeharo.es\/wp-content\/uploads\/2020\/11\/easycontrol-a_app_screens_web_960x600.pngqh600alaes-ESaw960arevA0C0ahashCEB6C9862103DF17CBE6D8D77E72BE88.pagespeed.ce_.dbMDn1Qw6C-64x40.png 64w, https:\/\/www.opticadeharo.es\/wp-content\/uploads\/2020\/11\/easycontrol-a_app_screens_web_960x600.pngqh600alaes-ESaw960arevA0C0ahashCEB6C9862103DF17CBE6D8D77E72BE88.pagespeed.ce_.dbMDn1Qw6C.png 960w\" sizes=\"(max-width: 300px) 100vw, 300px\" \/>\t\t\t\t\t\t\t\t\t\t\t\t\t\t\n\t\t\t\t\t\t\t\t\t\t\t\t<img src=\"https:\/\/www.opticadeharo.es\/wp-content\/uploads\/elementor\/thumbs\/xcloseup_access_mfi_2018qh600alaes-ESaw960arevBF7DahashBC9E8E51E09DA18189FEDF0DCC937F6A.pagespeed.ic_.IFApMGd3-v-oyowur8iv7fkpjet65qpiv5dfyr48acuehyl7mzv80.png\" title=\"xcloseup_access_mfi_2018.png,qh=600,ala=es-ES,aw=960,arev=BF7D,ahash=BC9E8E51E09DA18189FEDF0DCC937F6A.pagespeed.ic.IFApMGd3-v\" alt=\"xcloseup_access_mfi_2018.png,qh=600,ala=es-ES,aw=960,arev=BF7D,ahash=BC9E8E51E09DA18189FEDF0DCC937F6A.pagespeed.ic.IFApMGd3-v\" \/>\t\t\t\t\t\t\t\t\t\t\t\t\t\t\n\t\t\t<h2>Ubicaci\u00f3n<\/h2>\t\t\n\t\t\t<iframe frameborder=\"0\" scrolling=\"no\" marginheight=\"0\" marginwidth=\"0\" src=\"https:\/\/maps.google.com\/maps?q=Optica%20de%20Haro%2C%20Ug%C3%ADjar%2C%20Granada%2C%20Espa%C3%B1a&amp;t=m&amp;z=18&amp;output=embed&amp;iwloc=near\" title=\"Optica de Haro, Ug\u00edjar, Granada, Espa\u00f1a\" aria-label=\"Optica de Haro, Ug\u00edjar, Granada, Espa\u00f1a\"><\/iframe>\t\t\n\t\t\t<h2>Informaci\u00f3n de contacto<\/h2>\t\t\n\t\t\t<h2>E-mail<\/h2>\t\t\n\t\t<p>info@opticadeharo.es<\/p>\t\t\n\t\t\t<h2>TelEGRAM \/ Whatsapp<\/h2>\t\t\n\t\t<p>+34 688 900 730<\/p>\t\t\n\t\t\t<h2>DIRECCI\u00d3N<\/h2>\t\t\n\t\t<p>\u00d3ptica de Haro<\/p><p>Carretera de Granada, 1<br \/>UG\u00cdJAR,18480<\/p><p>GRANADA - ESPA\u00d1A<\/p>\t\t\n\t\t\t<h2>No pierdas tu tiempo en redes sociales, disfruta con tu gente.<\/h2>\t\t\n\t\t\t\t\t<a target=\"_blank\" rel=\"noopener\">\n\t\t\t\t\t\tTwitter\n\t\t\t\t\t\t\t\t\t\t\t<\/a>\n\t\t\t\t\t<a target=\"_blank\" rel=\"noopener\">\n\t\t\t\t\t\tFacebook-f\n\t\t\t\t\t\t\t\t\t\t\t<\/a>\n\t\t\t\t\t<a target=\"_blank\" rel=\"noopener\">\n\t\t\t\t\t\tGoogle-plus-g\n\t\t\t\t\t\t\t\t\t\t\t<\/a>\n\t\t\t\t\t<a target=\"_blank\" rel=\"noopener\">\n\t\t\t\t\t\tInstagram\n\t\t\t\t\t\t\t\t\t\t\t<\/a>\n\t\t\t\t\t<a target=\"_blank\" rel=\"noopener\">\n\t\t\t\t\t\tPinterest\n\t\t\t\t\t\t\t\t\t\t\t<\/a>\n\t\t\t<a href=\"https:\/\/goo.gl\/maps\/ptqBUUGWYBpjCAjm9\" target=\"_blank\" role=\"button\" rel=\"noopener\">\n\t\t\t\t\t\tVer mapa\n\t\t\t\t\t<\/a>\n\t\t\t\t\t\t\t\t\t\t\t\t<img width=\"150\" height=\"150\" src=\"https:\/\/www.opticadeharo.es\/wp-content\/uploads\/2020\/07\/visa-150x150.png\" alt=\"\" loading=\"lazy\" srcset=\"https:\/\/www.opticadeharo.es\/wp-content\/uploads\/2020\/07\/visa-150x150.png 150w, https:\/\/www.opticadeharo.es\/wp-content\/uploads\/2020\/07\/visa-100x100.png 100w, https:\/\/www.opticadeharo.es\/wp-content\/uploads\/2020\/07\/visa-64x64.png 64w, https:\/\/www.opticadeharo.es\/wp-content\/uploads\/2020\/07\/visa.png 195w\" sizes=\"(max-width: 150px) 100vw, 150px\" \/>\t\t\t\t\t\t\t\t\t\t\t\t\t\t\n\t\t\t\t\t\t\t\t\t\t\t\t<img width=\"150\" height=\"150\" src=\"https:\/\/www.opticadeharo.es\/wp-content\/uploads\/2020\/07\/bizum-150x150.jpg\" alt=\"\" loading=\"lazy\" srcset=\"https:\/\/www.opticadeharo.es\/wp-content\/uploads\/2020\/07\/bizum-150x150.jpg 150w, https:\/\/www.opticadeharo.es\/wp-content\/uploads\/2020\/07\/bizum-100x100.jpg 100w, https:\/\/www.opticadeharo.es\/wp-content\/uploads\/2020\/07\/bizum-64x64.jpg 64w, https:\/\/www.opticadeharo.es\/wp-content\/uploads\/2020\/07\/bizum.jpg 192w\" sizes=\"(max-width: 150px) 100vw, 150px\" \/>\t\t\t\t\t\t\t\t\t\t\t\t\t\t\n\t\t\t\t\t\t\t\t\t\t\t\t<img src=\"https:\/\/www.opticadeharo.es\/wp-content\/uploads\/elementor\/thumbs\/mastercard-osihnoclvibb74wsgahff10dv577tyy1kbbskmf0po.png\" title=\"mastercard\" alt=\"mastercard\" \/>","_et_gb_content_width":"","_joinchat":[],"footnotes":""},"class_list":["post-109","page","type-page","status-publish","hentry"],"_links":{"self":[{"href":"https:\/\/www.opticadeharo.es\/index.php?rest_route=\/wp\/v2\/pages\/109","targetHints":{"allow":["GET"]}}],"collection":[{"href":"https:\/\/www.opticadeharo.es\/index.php?rest_route=\/wp\/v2\/pages"}],"about":[{"href":"https:\/\/www.opticadeharo.es\/index.php?rest_route=\/wp\/v2\/types\/page"}],"author":[{"embeddable":true,"href":"https:\/\/www.opticadeharo.es\/index.php?rest_route=\/wp\/v2\/users\/1"}],"replies":[{"embeddable":true,"href":"https:\/\/www.opticadeharo.es\/index.php?rest_route=%2Fwp%2Fv2%2Fcomments&post=109"}],"version-history":[{"count":129,"href":"https:\/\/www.opticadeharo.es\/index.php?rest_route=\/wp\/v2\/pages\/109\/revisions"}],"predecessor-version":[{"id":800,"href":"https:\/\/www.opticadeharo.es\/index.php?rest_route=\/wp\/v2\/pages\/109\/revisions\/800"}],"wp:attachment":[{"href":"https:\/\/www.opticadeharo.es\/index.php?rest_route=%2Fwp%2Fv2%2Fmedia&parent=109"}],"curies":[{"name":"wp","href":"https:\/\/api.w.org\/{rel}","templated":true}]}}